{"id":124,"date":"2013-03-05T10:40:12","date_gmt":"2013-03-05T10:40:12","guid":{"rendered":"http:\/\/3clicks.bringthepixel.com\/?page_id=124"},"modified":"2021-09-04T17:56:14","modified_gmt":"2021-09-04T14:56:14","slug":"anasayfa","status":"publish","type":"page","link":"http:\/\/pirlantaisgiyim.com.tr\/","title":{"rendered":"Anasayfa"},"content":{"rendered":"<style type=\"text\/css\" scoped=\"scoped\">#g1-section-1.g1-section {background-repeat:repeat; background-position:center top; background-attachment:static;}<\/style><div id=\"g1-section-1\" class=\"g1-section \"><div class=\"g1-layout-inner\">\n<ul class=\"g1-grid\"><li class=\"g1-column g1-one-half g1-valign-top\">\n<h2><i id=\"icon-1\" class=\"g1-icon g1-icon--solid g1-icon--small g1-icon--inherit  fa fa-th-large\"><\/i>&nbsp;Kurumsal<\/h2>\n<p>\u00dcretti\u011fimiz \u00fcr\u00fcnlerle ve<span class=\"Apple-converted-space\">&nbsp;&nbsp;<\/span>de\u011ferlerle dokundu\u011fumuz t\u00fcm insanlar\u0131n mutlulu\u011fu&nbsp; her zaman \u00f6nceli\u011fimizdir.<\/p>\n<p><a href=\"http:\/\/pirlantaisgiyim.com.tr\/index.php\/kurumsal\/\">\u2014 Read More<\/a><\/p>\n<\/li><!-- -->\n<li class=\"g1-column g1-one-half g1-valign-top\">\n<h2><i id=\"icon-2\" class=\"g1-icon g1-icon--solid g1-icon--small g1-icon--inherit  fa fa-magic\"><\/i> Tasar\u0131m ve inovasyon<\/h2>\n<p>Bas\u0327ar\u0131l\u0131 moda tasar\u0131mc\u0131s\u0131 I\u0307pek Arnas Kreatif direkto\u0308rlu\u0308g\u0306u\u0308nde tasar\u0131m ve u\u0308ru\u0308n gelis\u0327tirme c\u0327al\u0131s\u0327malar\u0131m\u0131zda 4. y\u0131l\u0131m\u0131z\u0131 tamamlad\u0131k.<\/p>\n<p><a href=\"http:\/\/pirlantaisgiyim.com.tr\/index.php\/tasarim\/\">\u2014 Read More<\/a><\/p>\n<\/li><!-- --><\/ul>\n<\/div><\/div>\n<style type=\"text\/css\" scoped=\"scoped\">#g1-section-2.g1-section {background-color: #f7f7f7; background-repeat:repeat; background-position:center top; background-attachment:static; border-width:1px 0; padding-bottom:0px;}<\/style><div id=\"g1-section-2\" class=\"g1-section \"><div class=\"g1-layout-inner\">\n<ul class=\"g1-grid\"><li class=\"g1-column g1-one-third g1-valign-top\">\n<\/li><!-- -->\n<li class=\"g1-column g1-two-third g1-valign-top\">\n<\/li><!-- --><\/ul>\n<h2 class=\"g1-h1\" style=\"text-align: center;\"><img loading=\"lazy\" class=\"alignnone wp-image-2124\" src=\"http:\/\/pirlantaisgiyim.com.tr\/wp-content\/uploads\/2018\/06\/logo_600-1-300x66.png\" alt=\"\" width=\"205\" height=\"45\" srcset=\"http:\/\/pirlantaisgiyim.com.tr\/wp-content\/uploads\/2018\/06\/logo_600-1-300x66.png 300w, http:\/\/pirlantaisgiyim.com.tr\/wp-content\/uploads\/2018\/06\/logo_600-1-320x70.png 320w, http:\/\/pirlantaisgiyim.com.tr\/wp-content\/uploads\/2018\/06\/logo_600-1-239x53.png 239w, http:\/\/pirlantaisgiyim.com.tr\/wp-content\/uploads\/2018\/06\/logo_600-1.png 600w\" sizes=\"(max-width: 205px) 100vw, 205px\" \/><\/h2>\n<h3 style=\"text-align: center;\">30&nbsp;y\u0131ld\u0131r Kurumsal is\u0327 k\u0131yafetleri konusunda u\u0308stu\u0308n kalite ve yenilikc\u0327i durus\u0327uyla du\u0308nyan\u0131n bir c\u0327ok kurumsal firmas\u0131na tu\u0308m ihtiyac\u0327lar\u0131n\u0131 kars\u0327\u0131layacak s\u0327ekilde hizmet vermektedir.<\/h3>\n<span id=\"g1-space-1\" class=\"g1-space \" style=\"height:1.5em;\"><\/span>\n<div><img loading=\"lazy\" style=\"display: block;\" src=\"\/wp-content\/uploads\/2013\/03\/home_section_visual_1-2.jpg\" alt=\"Section Visual\" width=\"968\" height=\"380\"><\/div>\n<\/div><\/div>\n<style type=\"text\/css\" scoped=\"scoped\">#g1-section-3.g1-section {background-color: #ffffff; background-repeat:repeat; background-position:center top; background-attachment:static;}<\/style><div id=\"g1-section-3\" class=\"g1-section \"><div class=\"g1-layout-inner\">\n<h2 style=\"color: #000000;\">G\u00fcncel \u00c7al\u0131\u015fmalar\u0131m\u0131z<\/h2>\n<div id=\"g1-custom-posts-shortcode-1\" class=\"g1-collection-recent_works g1-custom-posts-shortcode g1-shortcode \">\n\n<!-- BEGIN: .g1-collection -->\n<div class=\"g1-collection g1-collection--grid g1-collection--one-third g1-collection--gallery g1-effect-grayscale\">\n    <ul><!-- --><li class=\"g1-collection__item\">\n        <article id=\"post-2364\" class=\"post-2364 g1_work type-g1_work status-publish format-standard has-post-thumbnail g1-brief\">\n    <figure class=\"entry-featured-media\">\n<a href=\"http:\/\/pirlantaisgiyim.com.tr\/index.php\/work\/migros\/\" id=\"g1-frame-1\" class=\"g1-frame g1-frame--none g1-frame--inherit g1-frame--center \"><span class=\"g1-decorator\">\n\t\t\t\t<img width=\"320\" height=\"180\" src=\"http:\/\/pirlantaisgiyim.com.tr\/wp-content\/uploads\/2018\/07\/migros_1-320x180.jpg\" class=\"attachment-g1_one_third size-g1_one_third wp-post-image\" alt=\"\" loading=\"lazy\" srcset=\"http:\/\/pirlantaisgiyim.com.tr\/wp-content\/uploads\/2018\/07\/migros_1-320x180.jpg 320w, http:\/\/pirlantaisgiyim.com.tr\/wp-content\/uploads\/2018\/07\/migros_1-482x271.jpg 482w, http:\/\/pirlantaisgiyim.com.tr\/wp-content\/uploads\/2018\/07\/migros_1-239x134.jpg 239w\" sizes=\"(max-width: 320px) 100vw, 320px\" \/>\n\t\t\t\t<span class=\"g1-indicator g1-indicator-document\"><\/span>\n<\/span><\/a>\n<\/figure>\n    <div class=\"g1-nonmedia\">\n        <div class=\"g1-inner\">\n            <header class=\"entry-header\">\n                <h3><a href=\"http:\/\/pirlantaisgiyim.com.tr\/index.php\/work\/migros\/\" title=\"Migros SS17\" >Migros SS17<\/a><\/h3>                                <p class=\"entry-meta g1-meta\">\n                    <time itemprop=\"datePublished\" datetime=\"2018-07-26T18:51:13\" class=\"entry-date\">26 Temmuz 2018<\/time>                            \t\t\t<span class=\"entry-author\">by\t\t\n\t\t\t<a href=\"http:\/\/pirlantaisgiyim.com.tr\/index.php\/author\/admin\/\" title=\"Posts by admin\" rel=\"author\">\t\t\t\t\t\t\t\t\t<span>admin<\/span>\n\t\t\t\t\t\t\t<\/a>\n\t\t<\/span>\n                            <span class=\"entry-comments-link\">\n    \t<span>Comments are off<\/span>    <\/span>\n                    <\/p>\n                            <\/header><!-- .entry-header -->\n\n            \n            <footer class=\"entry-footer\">\n                \n                                    <div>\n                        <a id=\"g1-button-1\" class=\"g1-button g1-button--small g1-button--solid g1-button--standard \" href=\"http:\/\/pirlantaisgiyim.com.tr\/index.php\/work\/migros\/\" >More<\/a>                    <\/div>\n                            <\/footer><!-- .entry-footer -->\n        <\/div>\n        <div class=\"g1-01\"><\/div>\n    <\/div>\n\n<\/article><!-- .post-XX -->    <\/li><!-- --><li class=\"g1-collection__item\">\n        <article id=\"post-2429\" class=\"post-2429 g1_work type-g1_work status-publish format-standard has-post-thumbnail g1-brief\">\n    <figure class=\"entry-featured-media\">\n<a href=\"http:\/\/pirlantaisgiyim.com.tr\/index.php\/work\/coca-cola\/\" id=\"g1-frame-2\" class=\"g1-frame g1-frame--none g1-frame--inherit g1-frame--center \"><span class=\"g1-decorator\">\n\t\t\t\t<img width=\"320\" height=\"180\" src=\"http:\/\/pirlantaisgiyim.com.tr\/wp-content\/uploads\/2018\/07\/CocaCola_1-320x180.jpg\" class=\"attachment-g1_one_third size-g1_one_third wp-post-image\" alt=\"\" loading=\"lazy\" srcset=\"http:\/\/pirlantaisgiyim.com.tr\/wp-content\/uploads\/2018\/07\/CocaCola_1-320x180.jpg 320w, http:\/\/pirlantaisgiyim.com.tr\/wp-content\/uploads\/2018\/07\/CocaCola_1-482x271.jpg 482w, http:\/\/pirlantaisgiyim.com.tr\/wp-content\/uploads\/2018\/07\/CocaCola_1-239x134.jpg 239w\" sizes=\"(max-width: 320px) 100vw, 320px\" \/>\n\t\t\t\t<span class=\"g1-indicator g1-indicator-document\"><\/span>\n<\/span><\/a>\n<\/figure>\n    <div class=\"g1-nonmedia\">\n        <div class=\"g1-inner\">\n            <header class=\"entry-header\">\n                <h3><a href=\"http:\/\/pirlantaisgiyim.com.tr\/index.php\/work\/coca-cola\/\" title=\"Coca Cola\" >Coca Cola<\/a><\/h3>                                <p class=\"entry-meta g1-meta\">\n                    <time itemprop=\"datePublished\" datetime=\"2018-07-26T18:49:55\" class=\"entry-date\">26 Temmuz 2018<\/time>                            \t\t\t<span class=\"entry-author\">by\t\t\n\t\t\t<a href=\"http:\/\/pirlantaisgiyim.com.tr\/index.php\/author\/admin\/\" title=\"Posts by admin\" rel=\"author\">\t\t\t\t\t\t\t\t\t<span>admin<\/span>\n\t\t\t\t\t\t\t<\/a>\n\t\t<\/span>\n                            <span class=\"entry-comments-link\">\n    \t<span>Comments are off<\/span>    <\/span>\n                    <\/p>\n                            <\/header><!-- .entry-header -->\n\n            \n            <footer class=\"entry-footer\">\n                \n                                    <div>\n                        <a id=\"g1-button-2\" class=\"g1-button g1-button--small g1-button--solid g1-button--standard \" href=\"http:\/\/pirlantaisgiyim.com.tr\/index.php\/work\/coca-cola\/\" >More<\/a>                    <\/div>\n                            <\/footer><!-- .entry-footer -->\n        <\/div>\n        <div class=\"g1-01\"><\/div>\n    <\/div>\n\n<\/article><!-- .post-XX -->    <\/li><!-- --><li class=\"g1-collection__item\">\n        <article id=\"post-2424\" class=\"post-2424 g1_work type-g1_work status-publish format-standard has-post-thumbnail g1-brief\">\n    <figure class=\"entry-featured-media\">\n<a href=\"http:\/\/pirlantaisgiyim.com.tr\/index.php\/work\/betonsa\/\" id=\"g1-frame-3\" class=\"g1-frame g1-frame--none g1-frame--inherit g1-frame--center \"><span class=\"g1-decorator\">\n\t\t\t\t<img width=\"320\" height=\"180\" src=\"http:\/\/pirlantaisgiyim.com.tr\/wp-content\/uploads\/2018\/07\/Betonsa_1-320x180.jpg\" class=\"attachment-g1_one_third size-g1_one_third wp-post-image\" alt=\"\" loading=\"lazy\" srcset=\"http:\/\/pirlantaisgiyim.com.tr\/wp-content\/uploads\/2018\/07\/Betonsa_1-320x180.jpg 320w, http:\/\/pirlantaisgiyim.com.tr\/wp-content\/uploads\/2018\/07\/Betonsa_1-482x271.jpg 482w, http:\/\/pirlantaisgiyim.com.tr\/wp-content\/uploads\/2018\/07\/Betonsa_1-239x134.jpg 239w\" sizes=\"(max-width: 320px) 100vw, 320px\" \/>\n\t\t\t\t<span class=\"g1-indicator g1-indicator-document\"><\/span>\n<\/span><\/a>\n<\/figure>\n    <div class=\"g1-nonmedia\">\n        <div class=\"g1-inner\">\n            <header class=\"entry-header\">\n                <h3><a href=\"http:\/\/pirlantaisgiyim.com.tr\/index.php\/work\/betonsa\/\" title=\"Betonsa\" >Betonsa<\/a><\/h3>                                <p class=\"entry-meta g1-meta\">\n                    <time itemprop=\"datePublished\" datetime=\"2018-07-26T18:45:03\" class=\"entry-date\">26 Temmuz 2018<\/time>                            \t\t\t<span class=\"entry-author\">by\t\t\n\t\t\t<a href=\"http:\/\/pirlantaisgiyim.com.tr\/index.php\/author\/admin\/\" title=\"Posts by admin\" rel=\"author\">\t\t\t\t\t\t\t\t\t<span>admin<\/span>\n\t\t\t\t\t\t\t<\/a>\n\t\t<\/span>\n                            <span class=\"entry-comments-link\">\n    \t<span>Comments are off<\/span>    <\/span>\n                    <\/p>\n                            <\/header><!-- .entry-header -->\n\n            \n            <footer class=\"entry-footer\">\n                \n                                    <div>\n                        <a id=\"g1-button-3\" class=\"g1-button g1-button--small g1-button--solid g1-button--standard \" href=\"http:\/\/pirlantaisgiyim.com.tr\/index.php\/work\/betonsa\/\" >More<\/a>                    <\/div>\n                            <\/footer><!-- .entry-footer -->\n        <\/div>\n        <div class=\"g1-01\"><\/div>\n    <\/div>\n\n<\/article><!-- .post-XX -->    <\/li><!-- --><li class=\"g1-collection__item\">\n        <article id=\"post-2400\" class=\"post-2400 g1_work type-g1_work status-publish format-standard has-post-thumbnail g1-brief\">\n    <figure class=\"entry-featured-media\">\n<a href=\"http:\/\/pirlantaisgiyim.com.tr\/index.php\/work\/macro-center\/\" id=\"g1-frame-4\" class=\"g1-frame g1-frame--none g1-frame--inherit g1-frame--center \"><span class=\"g1-decorator\">\n\t\t\t\t<img width=\"320\" height=\"180\" src=\"http:\/\/pirlantaisgiyim.com.tr\/wp-content\/uploads\/2018\/07\/macro_center_1-320x180.jpg\" class=\"attachment-g1_one_third size-g1_one_third wp-post-image\" alt=\"\" loading=\"lazy\" srcset=\"http:\/\/pirlantaisgiyim.com.tr\/wp-content\/uploads\/2018\/07\/macro_center_1-320x180.jpg 320w, http:\/\/pirlantaisgiyim.com.tr\/wp-content\/uploads\/2018\/07\/macro_center_1-482x271.jpg 482w, http:\/\/pirlantaisgiyim.com.tr\/wp-content\/uploads\/2018\/07\/macro_center_1-239x134.jpg 239w\" sizes=\"(max-width: 320px) 100vw, 320px\" \/>\n\t\t\t\t<span class=\"g1-indicator g1-indicator-document\"><\/span>\n<\/span><\/a>\n<\/figure>\n    <div class=\"g1-nonmedia\">\n        <div class=\"g1-inner\">\n            <header class=\"entry-header\">\n                <h3><a href=\"http:\/\/pirlantaisgiyim.com.tr\/index.php\/work\/macro-center\/\" title=\"Macro Center\" >Macro Center<\/a><\/h3>                                <p class=\"entry-meta g1-meta\">\n                    <time itemprop=\"datePublished\" datetime=\"2018-07-26T18:44:11\" class=\"entry-date\">26 Temmuz 2018<\/time>                            \t\t\t<span class=\"entry-author\">by\t\t\n\t\t\t<a href=\"http:\/\/pirlantaisgiyim.com.tr\/index.php\/author\/admin\/\" title=\"Posts by admin\" rel=\"author\">\t\t\t\t\t\t\t\t\t<span>admin<\/span>\n\t\t\t\t\t\t\t<\/a>\n\t\t<\/span>\n                            <span class=\"entry-comments-link\">\n    \t<span>Comments are off<\/span>    <\/span>\n                    <\/p>\n                            <\/header><!-- .entry-header -->\n\n            \n            <footer class=\"entry-footer\">\n                \n                                    <div>\n                        <a id=\"g1-button-4\" class=\"g1-button g1-button--small g1-button--solid g1-button--standard \" href=\"http:\/\/pirlantaisgiyim.com.tr\/index.php\/work\/macro-center\/\" >More<\/a>                    <\/div>\n                            <\/footer><!-- .entry-footer -->\n        <\/div>\n        <div class=\"g1-01\"><\/div>\n    <\/div>\n\n<\/article><!-- .post-XX -->    <\/li><!-- --><li class=\"g1-collection__item\">\n        <article id=\"post-2432\" class=\"post-2432 g1_work type-g1_work status-publish format-standard has-post-thumbnail g1-brief\">\n    <figure class=\"entry-featured-media\">\n<a href=\"http:\/\/pirlantaisgiyim.com.tr\/index.php\/work\/petrol-ofisi\/\" id=\"g1-frame-5\" class=\"g1-frame g1-frame--none g1-frame--inherit g1-frame--center \"><span class=\"g1-decorator\">\n\t\t\t\t<img width=\"320\" height=\"180\" src=\"http:\/\/pirlantaisgiyim.com.tr\/wp-content\/uploads\/2018\/07\/Petrol_ofisi-320x180.jpg\" class=\"attachment-g1_one_third size-g1_one_third wp-post-image\" alt=\"\" loading=\"lazy\" srcset=\"http:\/\/pirlantaisgiyim.com.tr\/wp-content\/uploads\/2018\/07\/Petrol_ofisi-320x180.jpg 320w, http:\/\/pirlantaisgiyim.com.tr\/wp-content\/uploads\/2018\/07\/Petrol_ofisi-482x271.jpg 482w, http:\/\/pirlantaisgiyim.com.tr\/wp-content\/uploads\/2018\/07\/Petrol_ofisi-239x134.jpg 239w\" sizes=\"(max-width: 320px) 100vw, 320px\" \/>\n\t\t\t\t<span class=\"g1-indicator g1-indicator-document\"><\/span>\n<\/span><\/a>\n<\/figure>\n    <div class=\"g1-nonmedia\">\n        <div class=\"g1-inner\">\n            <header class=\"entry-header\">\n                <h3><a href=\"http:\/\/pirlantaisgiyim.com.tr\/index.php\/work\/petrol-ofisi\/\" title=\"Petrol Ofisi\" >Petrol Ofisi<\/a><\/h3>                                <p class=\"entry-meta g1-meta\">\n                    <time itemprop=\"datePublished\" datetime=\"2018-07-26T18:40:40\" class=\"entry-date\">26 Temmuz 2018<\/time>                            \t\t\t<span class=\"entry-author\">by\t\t\n\t\t\t<a href=\"http:\/\/pirlantaisgiyim.com.tr\/index.php\/author\/admin\/\" title=\"Posts by admin\" rel=\"author\">\t\t\t\t\t\t\t\t\t<span>admin<\/span>\n\t\t\t\t\t\t\t<\/a>\n\t\t<\/span>\n                            <span class=\"entry-comments-link\">\n    \t<span>Comments are off<\/span>    <\/span>\n                    <\/p>\n                            <\/header><!-- .entry-header -->\n\n            \n            <footer class=\"entry-footer\">\n                \n                                    <div>\n                        <a id=\"g1-button-5\" class=\"g1-button g1-button--small g1-button--solid g1-button--standard \" href=\"http:\/\/pirlantaisgiyim.com.tr\/index.php\/work\/petrol-ofisi\/\" >More<\/a>                    <\/div>\n                            <\/footer><!-- .entry-footer -->\n        <\/div>\n        <div class=\"g1-01\"><\/div>\n    <\/div>\n\n<\/article><!-- .post-XX -->    <\/li><!-- --><li class=\"g1-collection__item\">\n        <article id=\"post-2409\" class=\"post-2409 g1_work type-g1_work status-publish format-standard has-post-thumbnail g1-brief\">\n    <figure class=\"entry-featured-media\">\n<a href=\"http:\/\/pirlantaisgiyim.com.tr\/index.php\/work\/fine-food\/\" id=\"g1-frame-6\" class=\"g1-frame g1-frame--none g1-frame--inherit g1-frame--center \"><span class=\"g1-decorator\">\n\t\t\t\t<img width=\"320\" height=\"180\" src=\"http:\/\/pirlantaisgiyim.com.tr\/wp-content\/uploads\/2018\/07\/Fine_food_1-320x180.jpg\" class=\"attachment-g1_one_third size-g1_one_third wp-post-image\" alt=\"\" loading=\"lazy\" srcset=\"http:\/\/pirlantaisgiyim.com.tr\/wp-content\/uploads\/2018\/07\/Fine_food_1-320x180.jpg 320w, http:\/\/pirlantaisgiyim.com.tr\/wp-content\/uploads\/2018\/07\/Fine_food_1-482x271.jpg 482w, http:\/\/pirlantaisgiyim.com.tr\/wp-content\/uploads\/2018\/07\/Fine_food_1-239x134.jpg 239w\" sizes=\"(max-width: 320px) 100vw, 320px\" \/>\n\t\t\t\t<span class=\"g1-indicator g1-indicator-document\"><\/span>\n<\/span><\/a>\n<\/figure>\n    <div class=\"g1-nonmedia\">\n        <div class=\"g1-inner\">\n            <header class=\"entry-header\">\n                <h3><a href=\"http:\/\/pirlantaisgiyim.com.tr\/index.php\/work\/fine-food\/\" title=\"Fine Food\" >Fine Food<\/a><\/h3>                                <p class=\"entry-meta g1-meta\">\n                    <time itemprop=\"datePublished\" datetime=\"2018-07-26T18:33:25\" class=\"entry-date\">26 Temmuz 2018<\/time>                            \t\t\t<span class=\"entry-author\">by\t\t\n\t\t\t<a href=\"http:\/\/pirlantaisgiyim.com.tr\/index.php\/author\/admin\/\" title=\"Posts by admin\" rel=\"author\">\t\t\t\t\t\t\t\t\t<span>admin<\/span>\n\t\t\t\t\t\t\t<\/a>\n\t\t<\/span>\n                            <span class=\"entry-comments-link\">\n    \t<span>Comments are off<\/span>    <\/span>\n                    <\/p>\n                            <\/header><!-- .entry-header -->\n\n            \n            <footer class=\"entry-footer\">\n                \n                                    <div>\n                        <a id=\"g1-button-6\" class=\"g1-button g1-button--small g1-button--solid g1-button--standard \" href=\"http:\/\/pirlantaisgiyim.com.tr\/index.php\/work\/fine-food\/\" >More<\/a>                    <\/div>\n                            <\/footer><!-- .entry-footer -->\n        <\/div>\n        <div class=\"g1-01\"><\/div>\n    <\/div>\n\n<\/article><!-- .post-XX -->    <\/li><!-- --><\/ul>\n<\/div>\n<!-- END: .g1-collection -->\n\n<\/div>\n<\/div><\/div>\n","protected":false},"excerpt":{"rendered":"","protected":false},"author":1,"featured_media":0,"parent":0,"menu_order":10,"comment_status":"closed","ping_status":"closed","template":"g1_template_page_full_sections.php","meta":[],"yoast_head":"<!-- This site is optimized with the Yoast SEO Premium plugin v17.0 (Yoast SEO v17.0) - https:\/\/yoast.com\/wordpress\/plugins\/seo\/ -->\n<title>Anasayfa - P\u0131rlanta<\/title>\n<meta name=\"robots\" content=\"index, follow, max-snippet:-1, max-image-preview:large, max-video-preview:-1\" \/>\n<link rel=\"canonical\" href=\"http:\/\/pirlantaisgiyim.com.tr\/\" \/>\n<meta property=\"og:locale\" content=\"tr_TR\" \/>\n<meta property=\"og:type\" content=\"article\" \/>\n<meta property=\"og:title\" content=\"Anasayfa\" \/>\n<meta property=\"og:url\" content=\"http:\/\/pirlantaisgiyim.com.tr\/\" \/>\n<meta property=\"og:site_name\" content=\"P\u0131rlanta\" \/>\n<meta property=\"article:modified_time\" content=\"2021-09-04T14:56:14+00:00\" \/>\n<meta property=\"og:image\" content=\"http:\/\/pirlantaisgiyim.com.tr\/wp-content\/uploads\/2018\/06\/logo_600-1-300x66.png\" \/>\n<meta name=\"twitter:card\" content=\"summary_large_image\" \/>\n<meta name=\"twitter:label1\" content=\"Tahmini okuma s\u00fcresi\" \/>\n\t<meta name=\"twitter:data1\" content=\"1 dakika\" \/>\n<script type=\"application\/ld+json\" class=\"yoast-schema-graph\">{\"@context\":\"https:\/\/schema.org\",\"@graph\":[{\"@type\":[\"Organization\",\"Place\"],\"@id\":\"http:\/\/pirlantaisgiyim.com.tr\/#organization\",\"name\":\"P\\u0131rlanta \\u0130\\u015f Giyim\",\"url\":\"http:\/\/pirlantaisgiyim.com.tr\/\",\"sameAs\":[],\"logo\":{\"@id\":\"http:\/\/pirlantaisgiyim.com.tr\/#local-main-organization-logo\"},\"image\":{\"@id\":\"http:\/\/pirlantaisgiyim.com.tr\/#local-main-organization-logo\"},\"openingHoursSpecification\":[{\"@type\":\"OpeningHoursSpecification\",\"dayOfWeek\":[\"Monday\",\"Tuesday\",\"Wednesday\",\"Thursday\",\"Friday\",\"Saturday\",\"Sunday\"],\"opens\":\"09:00\",\"closes\":\"17:00\"}]},{\"@type\":\"WebSite\",\"@id\":\"http:\/\/pirlantaisgiyim.com.tr\/#website\",\"url\":\"http:\/\/pirlantaisgiyim.com.tr\/\",\"name\":\"P\\u0131rlanta\",\"description\":\"\\u0130\\u015f Giyim\",\"publisher\":{\"@id\":\"http:\/\/pirlantaisgiyim.com.tr\/#organization\"},\"potentialAction\":[{\"@type\":\"SearchAction\",\"target\":{\"@type\":\"EntryPoint\",\"urlTemplate\":\"http:\/\/pirlantaisgiyim.com.tr\/?s={search_term_string}\"},\"query-input\":\"required name=search_term_string\"}],\"inLanguage\":\"tr\"},{\"@type\":\"ImageObject\",\"@id\":\"http:\/\/pirlantaisgiyim.com.tr\/#primaryimage\",\"inLanguage\":\"tr\",\"url\":\"http:\/\/pirlantaisgiyim.com.tr\/wp-content\/uploads\/2018\/06\/logo_600-1.png\",\"contentUrl\":\"http:\/\/pirlantaisgiyim.com.tr\/wp-content\/uploads\/2018\/06\/logo_600-1.png\",\"width\":600,\"height\":132},{\"@type\":\"WebPage\",\"@id\":\"http:\/\/pirlantaisgiyim.com.tr\/#webpage\",\"url\":\"http:\/\/pirlantaisgiyim.com.tr\/\",\"name\":\"Anasayfa - P\\u0131rlanta\",\"isPartOf\":{\"@id\":\"http:\/\/pirlantaisgiyim.com.tr\/#website\"},\"primaryImageOfPage\":{\"@id\":\"http:\/\/pirlantaisgiyim.com.tr\/#primaryimage\"},\"datePublished\":\"2013-03-05T10:40:12+00:00\",\"dateModified\":\"2021-09-04T14:56:14+00:00\",\"breadcrumb\":{\"@id\":\"http:\/\/pirlantaisgiyim.com.tr\/#breadcrumb\"},\"inLanguage\":\"tr\",\"potentialAction\":[{\"@type\":\"ReadAction\",\"target\":[\"http:\/\/pirlantaisgiyim.com.tr\/\"]}]},{\"@type\":\"BreadcrumbList\",\"@id\":\"http:\/\/pirlantaisgiyim.com.tr\/#breadcrumb\",\"itemListElement\":[{\"@type\":\"ListItem\",\"position\":1,\"name\":\"Anasayfa\",\"item\":\"http:\/\/pirlantaisgiyim.com.tr\/\"},{\"@type\":\"ListItem\",\"position\":2,\"name\":\"Anasayfa\"}]},{\"@type\":\"ImageObject\",\"@id\":\"http:\/\/pirlantaisgiyim.com.tr\/#local-main-organization-logo\",\"inLanguage\":\"tr\",\"url\":\"http:\/\/pirlantaisgiyim.com.tr\/wp-content\/uploads\/2018\/06\/logo_600-1.png\",\"contentUrl\":\"http:\/\/pirlantaisgiyim.com.tr\/wp-content\/uploads\/2018\/06\/logo_600-1.png\",\"width\":600,\"height\":132,\"caption\":\"P\\u0131rlanta \\u0130\\u015f Giyim\"}]}<\/script>\n<!-- \/ Yoast SEO Premium plugin. -->","yoast_head_json":{"title":"Anasayfa - P\u0131rlanta","robots":{"index":"index","follow":"follow","max-snippet":"max-snippet:-1","max-image-preview":"max-image-preview:large","max-video-preview":"max-video-preview:-1"},"canonical":"http:\/\/pirlantaisgiyim.com.tr\/","og_locale":"tr_TR","og_type":"article","og_title":"Anasayfa","og_url":"http:\/\/pirlantaisgiyim.com.tr\/","og_site_name":"P\u0131rlanta","article_modified_time":"2021-09-04T14:56:14+00:00","og_image":[{"url":"http:\/\/pirlantaisgiyim.com.tr\/wp-content\/uploads\/2018\/06\/logo_600-1-300x66.png"}],"twitter_card":"summary_large_image","twitter_misc":{"Tahmini okuma s\u00fcresi":"1 dakika"},"schema":{"@context":"https:\/\/schema.org","@graph":[{"@type":["Organization","Place"],"@id":"http:\/\/pirlantaisgiyim.com.tr\/#organization","name":"P\u0131rlanta \u0130\u015f Giyim","url":"http:\/\/pirlantaisgiyim.com.tr\/","sameAs":[],"logo":{"@id":"http:\/\/pirlantaisgiyim.com.tr\/#local-main-organization-logo"},"image":{"@id":"http:\/\/pirlantaisgiyim.com.tr\/#local-main-organization-logo"},"openingHoursSpecification":[{"@type":"OpeningHoursSpecification","dayOfWeek":["Monday","Tuesday","Wednesday","Thursday","Friday","Saturday","Sunday"],"opens":"09:00","closes":"17:00"}]},{"@type":"WebSite","@id":"http:\/\/pirlantaisgiyim.com.tr\/#website","url":"http:\/\/pirlantaisgiyim.com.tr\/","name":"P\u0131rlanta","description":"\u0130\u015f Giyim","publisher":{"@id":"http:\/\/pirlantaisgiyim.com.tr\/#organization"},"potentialAction":[{"@type":"SearchAction","target":{"@type":"EntryPoint","urlTemplate":"http:\/\/pirlantaisgiyim.com.tr\/?s={search_term_string}"},"query-input":"required name=search_term_string"}],"inLanguage":"tr"},{"@type":"ImageObject","@id":"http:\/\/pirlantaisgiyim.com.tr\/#primaryimage","inLanguage":"tr","url":"http:\/\/pirlantaisgiyim.com.tr\/wp-content\/uploads\/2018\/06\/logo_600-1.png","contentUrl":"http:\/\/pirlantaisgiyim.com.tr\/wp-content\/uploads\/2018\/06\/logo_600-1.png","width":600,"height":132},{"@type":"WebPage","@id":"http:\/\/pirlantaisgiyim.com.tr\/#webpage","url":"http:\/\/pirlantaisgiyim.com.tr\/","name":"Anasayfa - P\u0131rlanta","isPartOf":{"@id":"http:\/\/pirlantaisgiyim.com.tr\/#website"},"primaryImageOfPage":{"@id":"http:\/\/pirlantaisgiyim.com.tr\/#primaryimage"},"datePublished":"2013-03-05T10:40:12+00:00","dateModified":"2021-09-04T14:56:14+00:00","breadcrumb":{"@id":"http:\/\/pirlantaisgiyim.com.tr\/#breadcrumb"},"inLanguage":"tr","potentialAction":[{"@type":"ReadAction","target":["http:\/\/pirlantaisgiyim.com.tr\/"]}]},{"@type":"BreadcrumbList","@id":"http:\/\/pirlantaisgiyim.com.tr\/#breadcrumb","itemListElement":[{"@type":"ListItem","position":1,"name":"Anasayfa","item":"http:\/\/pirlantaisgiyim.com.tr\/"},{"@type":"ListItem","position":2,"name":"Anasayfa"}]},{"@type":"ImageObject","@id":"http:\/\/pirlantaisgiyim.com.tr\/#local-main-organization-logo","inLanguage":"tr","url":"http:\/\/pirlantaisgiyim.com.tr\/wp-content\/uploads\/2018\/06\/logo_600-1.png","contentUrl":"http:\/\/pirlantaisgiyim.com.tr\/wp-content\/uploads\/2018\/06\/logo_600-1.png","width":600,"height":132,"caption":"P\u0131rlanta \u0130\u015f Giyim"}]}},"_links":{"self":[{"href":"http:\/\/pirlantaisgiyim.com.tr\/index.php\/wp-json\/wp\/v2\/pages\/124"}],"collection":[{"href":"http:\/\/pirlantaisgiyim.com.tr\/index.php\/wp-json\/wp\/v2\/pages"}],"about":[{"href":"http:\/\/pirlantaisgiyim.com.tr\/index.php\/wp-json\/wp\/v2\/types\/page"}],"author":[{"embeddable":true,"href":"http:\/\/pirlantaisgiyim.com.tr\/index.php\/wp-json\/wp\/v2\/users\/1"}],"replies":[{"embeddable":true,"href":"http:\/\/pirlantaisgiyim.com.tr\/index.php\/wp-json\/wp\/v2\/comments?post=124"}],"version-history":[{"count":53,"href":"http:\/\/pirlantaisgiyim.com.tr\/index.php\/wp-json\/wp\/v2\/pages\/124\/revisions"}],"predecessor-version":[{"id":2479,"href":"http:\/\/pirlantaisgiyim.com.tr\/index.php\/wp-json\/wp\/v2\/pages\/124\/revisions\/2479"}],"wp:attachment":[{"href":"http:\/\/pirlantaisgiyim.com.tr\/index.php\/wp-json\/wp\/v2\/media?parent=124"}],"curies":[{"name":"wp","href":"https:\/\/api.w.org\/{rel}","templated":true}]}}