{"id":2180,"date":"2018-07-18T10:04:06","date_gmt":"2018-07-18T07:04:06","guid":{"rendered":"http:\/\/pirlantaisgiyim.com.tr\/?page_id=2180"},"modified":"2018-07-26T19:19:03","modified_gmt":"2018-07-26T16:19:03","slug":"tasarim","status":"publish","type":"page","link":"http:\/\/pirlantaisgiyim.com.tr\/index.php\/tasarim\/","title":{"rendered":"Tasar\u0131m"},"content":{"rendered":"<div id=\"g1-html-rotator-counter-1\" class=\"g1-html-rotator  g1-autoplay\" data-g1-rotate-items=\"1\" data-g1-timeout=\"3000\"><div class=\"g1-carousel-content\"><ul class=\"g1-carousel-items\">\n<li id=\"g1-carousel-item-counter-1\" class=\"g1-carousel-item \">\n<p><img loading=\"lazy\" class=\"alignnone size-full wp-image-2333\" src=\"http:\/\/pirlantaisgiyim.com.tr\/wp-content\/uploads\/2018\/07\/pirlanta_K6.jpg\" alt=\"\" width=\"1981\" height=\"767\" srcset=\"http:\/\/pirlantaisgiyim.com.tr\/wp-content\/uploads\/2018\/07\/pirlanta_K6.jpg 1981w, http:\/\/pirlantaisgiyim.com.tr\/wp-content\/uploads\/2018\/07\/pirlanta_K6-300x116.jpg 300w, http:\/\/pirlantaisgiyim.com.tr\/wp-content\/uploads\/2018\/07\/pirlanta_K6-768x297.jpg 768w, http:\/\/pirlantaisgiyim.com.tr\/wp-content\/uploads\/2018\/07\/pirlanta_K6-1024x396.jpg 1024w, http:\/\/pirlantaisgiyim.com.tr\/wp-content\/uploads\/2018\/07\/pirlanta_K6-968x375.jpg 968w, http:\/\/pirlantaisgiyim.com.tr\/wp-content\/uploads\/2018\/07\/pirlanta_K6-636x246.jpg 636w, http:\/\/pirlantaisgiyim.com.tr\/wp-content\/uploads\/2018\/07\/pirlanta_K6-320x124.jpg 320w, http:\/\/pirlantaisgiyim.com.tr\/wp-content\/uploads\/2018\/07\/pirlanta_K6-239x93.jpg 239w\" sizes=\"(max-width: 1981px) 100vw, 1981px\" \/><\/p>\n<\/li>\n<li id=\"g1-carousel-item-counter-2\" class=\"g1-carousel-item \">\n<p><img loading=\"lazy\" class=\"alignnone size-full wp-image-2240\" src=\"http:\/\/pirlantaisgiyim.com.tr\/wp-content\/uploads\/2018\/07\/pirlanta_K1.jpg\" alt=\"\" width=\"1981\" height=\"767\" srcset=\"http:\/\/pirlantaisgiyim.com.tr\/wp-content\/uploads\/2018\/07\/pirlanta_K1.jpg 1981w, http:\/\/pirlantaisgiyim.com.tr\/wp-content\/uploads\/2018\/07\/pirlanta_K1-300x116.jpg 300w, http:\/\/pirlantaisgiyim.com.tr\/wp-content\/uploads\/2018\/07\/pirlanta_K1-768x297.jpg 768w, http:\/\/pirlantaisgiyim.com.tr\/wp-content\/uploads\/2018\/07\/pirlanta_K1-1024x396.jpg 1024w, http:\/\/pirlantaisgiyim.com.tr\/wp-content\/uploads\/2018\/07\/pirlanta_K1-968x375.jpg 968w, http:\/\/pirlantaisgiyim.com.tr\/wp-content\/uploads\/2018\/07\/pirlanta_K1-636x246.jpg 636w, http:\/\/pirlantaisgiyim.com.tr\/wp-content\/uploads\/2018\/07\/pirlanta_K1-320x124.jpg 320w, http:\/\/pirlantaisgiyim.com.tr\/wp-content\/uploads\/2018\/07\/pirlanta_K1-239x93.jpg 239w\" sizes=\"(max-width: 1981px) 100vw, 1981px\" \/><\/p>\n<\/li>\n<li id=\"g1-carousel-item-counter-3\" class=\"g1-carousel-item \">\n<p><img loading=\"lazy\" class=\"alignnone size-full wp-image-2325\" src=\"http:\/\/pirlantaisgiyim.com.tr\/wp-content\/uploads\/2018\/07\/pirlanta_K2.jpg\" alt=\"\" width=\"1981\" height=\"767\" srcset=\"http:\/\/pirlantaisgiyim.com.tr\/wp-content\/uploads\/2018\/07\/pirlanta_K2.jpg 1981w, http:\/\/pirlantaisgiyim.com.tr\/wp-content\/uploads\/2018\/07\/pirlanta_K2-300x116.jpg 300w, http:\/\/pirlantaisgiyim.com.tr\/wp-content\/uploads\/2018\/07\/pirlanta_K2-768x297.jpg 768w, http:\/\/pirlantaisgiyim.com.tr\/wp-content\/uploads\/2018\/07\/pirlanta_K2-1024x396.jpg 1024w, http:\/\/pirlantaisgiyim.com.tr\/wp-content\/uploads\/2018\/07\/pirlanta_K2-968x375.jpg 968w, http:\/\/pirlantaisgiyim.com.tr\/wp-content\/uploads\/2018\/07\/pirlanta_K2-636x246.jpg 636w, http:\/\/pirlantaisgiyim.com.tr\/wp-content\/uploads\/2018\/07\/pirlanta_K2-320x124.jpg 320w, http:\/\/pirlantaisgiyim.com.tr\/wp-content\/uploads\/2018\/07\/pirlanta_K2-239x93.jpg 239w\" sizes=\"(max-width: 1981px) 100vw, 1981px\" \/><\/p>\n<\/li>\n<li id=\"g1-carousel-item-counter-4\" class=\"g1-carousel-item \">\n<p><img loading=\"lazy\" class=\"alignnone size-full wp-image-2327\" src=\"http:\/\/pirlantaisgiyim.com.tr\/wp-content\/uploads\/2018\/07\/pirlanta_K3.jpg\" alt=\"\" width=\"1981\" height=\"767\" srcset=\"http:\/\/pirlantaisgiyim.com.tr\/wp-content\/uploads\/2018\/07\/pirlanta_K3.jpg 1981w, http:\/\/pirlantaisgiyim.com.tr\/wp-content\/uploads\/2018\/07\/pirlanta_K3-300x116.jpg 300w, http:\/\/pirlantaisgiyim.com.tr\/wp-content\/uploads\/2018\/07\/pirlanta_K3-768x297.jpg 768w, http:\/\/pirlantaisgiyim.com.tr\/wp-content\/uploads\/2018\/07\/pirlanta_K3-1024x396.jpg 1024w, http:\/\/pirlantaisgiyim.com.tr\/wp-content\/uploads\/2018\/07\/pirlanta_K3-968x375.jpg 968w, http:\/\/pirlantaisgiyim.com.tr\/wp-content\/uploads\/2018\/07\/pirlanta_K3-636x246.jpg 636w, http:\/\/pirlantaisgiyim.com.tr\/wp-content\/uploads\/2018\/07\/pirlanta_K3-320x124.jpg 320w, http:\/\/pirlantaisgiyim.com.tr\/wp-content\/uploads\/2018\/07\/pirlanta_K3-239x93.jpg 239w\" sizes=\"(max-width: 1981px) 100vw, 1981px\" \/><\/p>\n<\/li>\n<li id=\"g1-carousel-item-counter-5\" class=\"g1-carousel-item \">\n<p><img loading=\"lazy\" class=\"alignnone size-full wp-image-2329\" src=\"http:\/\/pirlantaisgiyim.com.tr\/wp-content\/uploads\/2018\/07\/pirlanta_K4.jpg\" alt=\"\" width=\"1981\" height=\"767\" srcset=\"http:\/\/pirlantaisgiyim.com.tr\/wp-content\/uploads\/2018\/07\/pirlanta_K4.jpg 1981w, http:\/\/pirlantaisgiyim.com.tr\/wp-content\/uploads\/2018\/07\/pirlanta_K4-300x116.jpg 300w, http:\/\/pirlantaisgiyim.com.tr\/wp-content\/uploads\/2018\/07\/pirlanta_K4-768x297.jpg 768w, http:\/\/pirlantaisgiyim.com.tr\/wp-content\/uploads\/2018\/07\/pirlanta_K4-1024x396.jpg 1024w, http:\/\/pirlantaisgiyim.com.tr\/wp-content\/uploads\/2018\/07\/pirlanta_K4-968x375.jpg 968w, http:\/\/pirlantaisgiyim.com.tr\/wp-content\/uploads\/2018\/07\/pirlanta_K4-636x246.jpg 636w, http:\/\/pirlantaisgiyim.com.tr\/wp-content\/uploads\/2018\/07\/pirlanta_K4-320x124.jpg 320w, http:\/\/pirlantaisgiyim.com.tr\/wp-content\/uploads\/2018\/07\/pirlanta_K4-239x93.jpg 239w\" sizes=\"(max-width: 1981px) 100vw, 1981px\" \/><\/p>\n<\/li>\n<li id=\"g1-carousel-item-counter-6\" class=\"g1-carousel-item \">\n<p><img loading=\"lazy\" class=\"alignnone size-full wp-image-2331\" src=\"http:\/\/pirlantaisgiyim.com.tr\/wp-content\/uploads\/2018\/07\/pirlanta_K5.jpg\" alt=\"\" width=\"1981\" height=\"767\" srcset=\"http:\/\/pirlantaisgiyim.com.tr\/wp-content\/uploads\/2018\/07\/pirlanta_K5.jpg 1981w, http:\/\/pirlantaisgiyim.com.tr\/wp-content\/uploads\/2018\/07\/pirlanta_K5-300x116.jpg 300w, http:\/\/pirlantaisgiyim.com.tr\/wp-content\/uploads\/2018\/07\/pirlanta_K5-768x297.jpg 768w, http:\/\/pirlantaisgiyim.com.tr\/wp-content\/uploads\/2018\/07\/pirlanta_K5-1024x396.jpg 1024w, http:\/\/pirlantaisgiyim.com.tr\/wp-content\/uploads\/2018\/07\/pirlanta_K5-968x375.jpg 968w, http:\/\/pirlantaisgiyim.com.tr\/wp-content\/uploads\/2018\/07\/pirlanta_K5-636x246.jpg 636w, http:\/\/pirlantaisgiyim.com.tr\/wp-content\/uploads\/2018\/07\/pirlanta_K5-320x124.jpg 320w, http:\/\/pirlantaisgiyim.com.tr\/wp-content\/uploads\/2018\/07\/pirlanta_K5-239x93.jpg 239w\" sizes=\"(max-width: 1981px) 100vw, 1981px\" \/><\/p>\n<\/li>\n<\/ul><\/div><div class=\"g1-toolbar\"><ol class=\"g1-nav-coin\"><\/ol><div class=\"g1-nav-direction\"><div class=\"g1-nav-direction__prev\"><\/div><div class=\"g1-nav-direction__next\"><\/div><\/div><\/div><\/div>\n<span id=\"g1-space-1\" class=\"g1-space \" style=\"height:1.5em;\"><\/span>\n<ul class=\"g1-grid\"><li class=\"g1-column g1-one-half g1-valign-top\">\n<h2><strong>Tasar\u0131m ve \u0130novasyon<\/strong><\/h2>\n<div id=\"g1-lead-1\" class=\"g1-lead \" >\n<h5 class=\"p1\">Bas\u0327ar\u0131l\u0131 moda tasar\u0131mc\u0131s\u0131 I\u0307pek Arnas Kreatif direkt\u00f6rl\u00fcg\u0306\u00fcnde tasar\u0131m ve \u00fcr\u00fcn gelis\u0327tirme \u00e7al\u0131s\u0327malar\u0131m\u0131zda 4. y\u0131l\u0131m\u0131z\u0131 tamamlad\u0131k.<\/h5>\n<h5 class=\"p1\">I\u0307s\u0327 k\u0131yafetlerinde g\u00fcn\u00fcm\u00fcz modas\u0131 ve trendleriyle birlikte yarat\u0131lan modern \u00e7izgi ile moda tasar\u0131mc\u0131s\u0131n\u0131n g\u00fcc\u00fc daha net anlas\u0327\u0131lmaktad\u0131r.<\/h5>\n<h5 class=\"p1\">Tasar\u0131m\u0131n sag\u0306l\u0131kl\u0131 bir s\u0327ekilde hayata ge\u00e7irilebilmesi i\u00e7in tasar\u0131mc\u0131n\u0131n \u00fcretim s\u00fcre\u00e7lerini bilmesi ve bunlara gerekli m\u00fcdahaleleri dog\u0306ru zamanda yapmas\u0131 gerekmektedir.<\/h5>\n<h5 class=\"p1\">Tasar\u0131m ve \u00dcretim takip s\u00fcre\u00e7lerindeki is\u0327birlig\u0306imiz ile P\u0131rlanta I\u0307s\u0327 Giyim olarak olus\u0327turdug\u0306umuz is\u0327lerin kalitesi ve getirdig\u0306i standartlar bas\u0327ar\u0131l\u0131 kurumsal \u00e7al\u0131s\u0327malarla kendini ispatlam\u0131s\u0327t\u0131r.<\/h5>\n<\/div>\n<\/li><!-- -->\n<li class=\"g1-column g1-one-half g1-valign-top\">\n<p><img loading=\"lazy\" class=\"alignnone size-full wp-image-2336\" src=\"http:\/\/pirlantaisgiyim.com.tr\/wp-content\/uploads\/2018\/07\/Portre3.jpg\" alt=\"\" width=\"1730\" height=\"1226\" srcset=\"http:\/\/pirlantaisgiyim.com.tr\/wp-content\/uploads\/2018\/07\/Portre3.jpg 1730w, http:\/\/pirlantaisgiyim.com.tr\/wp-content\/uploads\/2018\/07\/Portre3-300x213.jpg 300w, http:\/\/pirlantaisgiyim.com.tr\/wp-content\/uploads\/2018\/07\/Portre3-768x544.jpg 768w, http:\/\/pirlantaisgiyim.com.tr\/wp-content\/uploads\/2018\/07\/Portre3-1024x726.jpg 1024w, http:\/\/pirlantaisgiyim.com.tr\/wp-content\/uploads\/2018\/07\/Portre3-968x686.jpg 968w, http:\/\/pirlantaisgiyim.com.tr\/wp-content\/uploads\/2018\/07\/Portre3-636x451.jpg 636w, http:\/\/pirlantaisgiyim.com.tr\/wp-content\/uploads\/2018\/07\/Portre3-320x227.jpg 320w, http:\/\/pirlantaisgiyim.com.tr\/wp-content\/uploads\/2018\/07\/Portre3-239x169.jpg 239w\" sizes=\"(max-width: 1730px) 100vw, 1730px\" \/><\/p>\n<\/li><!-- --><\/ul>\n<span id=\"g1-space-2\" class=\"g1-space \" style=\"height:1.5em;\"><\/span>\n<span id=\"g1-space-3\" class=\"g1-space \" style=\"height:1.5em;\"><\/span>\n<div id=\"fluid-wrapper-counter-1\" class=\"g1-fluid-wrapper \" style=\"width:686px;\">\n<div style=\"padding-bottom:56.268221574344%;\"><iframe width=\"686\" height=\"386\" src=\"https:\/\/www.youtube.com\/embed\/EzVdlgcOGmg?feature=oembed&amp;wmode=transparent&amp;autohide=1&amp;autoplay=0&amp;disablekb=0&amp;fs=1&amp;loop=0&amp;enablejsapi=1&amp;rel=0&amp;controls=2&amp;showinfo=0&amp;wmode=transparent&amp;autohide=2&amp;autoplay=0&amp;disablekb=0&amp;fs=1&amp;loop=0&amp;enablejsapi=1&amp;rel=0&amp;controls=2&amp;showinfo=1\" frameborder=\"0\" allow=\"autoplay; encrypted-media\" allowfullscreen><\/iframe><\/div>\n<\/div>\n<span id=\"g1-space-4\" class=\"g1-space \" style=\"height:1.5em;\"><\/span>\n","protected":false},"excerpt":{"rendered":"","protected":false},"author":1,"featured_media":0,"parent":0,"menu_order":0,"comment_status":"closed","ping_status":"closed","template":"","meta":[],"yoast_head":"<!-- This site is optimized with the Yoast SEO Premium plugin v17.0 (Yoast SEO v17.0) - https:\/\/yoast.com\/wordpress\/plugins\/seo\/ -->\n<title>Tasar\u0131m - P\u0131rlanta<\/title>\n<meta name=\"robots\" content=\"index, follow, max-snippet:-1, max-image-preview:large, max-video-preview:-1\" \/>\n<link rel=\"canonical\" href=\"http:\/\/pirlantaisgiyim.com.tr\/index.php\/tasarim\/\" \/>\n<meta property=\"og:locale\" content=\"tr_TR\" \/>\n<meta property=\"og:type\" content=\"article\" \/>\n<meta property=\"og:title\" content=\"Tasar\u0131m\" \/>\n<meta property=\"og:url\" content=\"http:\/\/pirlantaisgiyim.com.tr\/index.php\/tasarim\/\" \/>\n<meta property=\"og:site_name\" content=\"P\u0131rlanta\" \/>\n<meta property=\"article:modified_time\" content=\"2018-07-26T16:19:03+00:00\" \/>\n<meta property=\"og:image\" content=\"http:\/\/pirlantaisgiyim.com.tr\/wp-content\/uploads\/2018\/07\/pirlanta_K6.jpg\" \/>\n<meta name=\"twitter:card\" content=\"summary_large_image\" \/>\n<meta name=\"twitter:label1\" content=\"Tahmini okuma s\u00fcresi\" \/>\n\t<meta name=\"twitter:data1\" content=\"1 dakika\" \/>\n<script type=\"application\/ld+json\" class=\"yoast-schema-graph\">{\"@context\":\"https:\/\/schema.org\",\"@graph\":[{\"@type\":[\"Organization\",\"Place\"],\"@id\":\"http:\/\/pirlantaisgiyim.com.tr\/#organization\",\"name\":\"P\\u0131rlanta \\u0130\\u015f Giyim\",\"url\":\"http:\/\/pirlantaisgiyim.com.tr\/\",\"sameAs\":[],\"logo\":{\"@id\":\"http:\/\/pirlantaisgiyim.com.tr\/index.php\/tasarim\/#local-main-organization-logo\"},\"image\":{\"@id\":\"http:\/\/pirlantaisgiyim.com.tr\/index.php\/tasarim\/#local-main-organization-logo\"},\"openingHoursSpecification\":[{\"@type\":\"OpeningHoursSpecification\",\"dayOfWeek\":[\"Monday\",\"Tuesday\",\"Wednesday\",\"Thursday\",\"Friday\",\"Saturday\",\"Sunday\"],\"opens\":\"09:00\",\"closes\":\"17:00\"}]},{\"@type\":\"WebSite\",\"@id\":\"http:\/\/pirlantaisgiyim.com.tr\/#website\",\"url\":\"http:\/\/pirlantaisgiyim.com.tr\/\",\"name\":\"P\\u0131rlanta\",\"description\":\"\\u0130\\u015f Giyim\",\"publisher\":{\"@id\":\"http:\/\/pirlantaisgiyim.com.tr\/#organization\"},\"potentialAction\":[{\"@type\":\"SearchAction\",\"target\":{\"@type\":\"EntryPoint\",\"urlTemplate\":\"http:\/\/pirlantaisgiyim.com.tr\/?s={search_term_string}\"},\"query-input\":\"required name=search_term_string\"}],\"inLanguage\":\"tr\"},{\"@type\":\"ImageObject\",\"@id\":\"http:\/\/pirlantaisgiyim.com.tr\/index.php\/tasarim\/#primaryimage\",\"inLanguage\":\"tr\",\"url\":\"http:\/\/pirlantaisgiyim.com.tr\/wp-content\/uploads\/2018\/07\/pirlanta_K6.jpg\",\"contentUrl\":\"http:\/\/pirlantaisgiyim.com.tr\/wp-content\/uploads\/2018\/07\/pirlanta_K6.jpg\",\"width\":1981,\"height\":767},{\"@type\":\"WebPage\",\"@id\":\"http:\/\/pirlantaisgiyim.com.tr\/index.php\/tasarim\/#webpage\",\"url\":\"http:\/\/pirlantaisgiyim.com.tr\/index.php\/tasarim\/\",\"name\":\"Tasar\\u0131m - P\\u0131rlanta\",\"isPartOf\":{\"@id\":\"http:\/\/pirlantaisgiyim.com.tr\/#website\"},\"primaryImageOfPage\":{\"@id\":\"http:\/\/pirlantaisgiyim.com.tr\/index.php\/tasarim\/#primaryimage\"},\"datePublished\":\"2018-07-18T07:04:06+00:00\",\"dateModified\":\"2018-07-26T16:19:03+00:00\",\"breadcrumb\":{\"@id\":\"http:\/\/pirlantaisgiyim.com.tr\/index.php\/tasarim\/#breadcrumb\"},\"inLanguage\":\"tr\",\"potentialAction\":[{\"@type\":\"ReadAction\",\"target\":[\"http:\/\/pirlantaisgiyim.com.tr\/index.php\/tasarim\/\"]}]},{\"@type\":\"BreadcrumbList\",\"@id\":\"http:\/\/pirlantaisgiyim.com.tr\/index.php\/tasarim\/#breadcrumb\",\"itemListElement\":[{\"@type\":\"ListItem\",\"position\":1,\"name\":\"Anasayfa\",\"item\":\"http:\/\/pirlantaisgiyim.com.tr\/\"},{\"@type\":\"ListItem\",\"position\":2,\"name\":\"Tasar\\u0131m\"}]},{\"@type\":\"ImageObject\",\"@id\":\"http:\/\/pirlantaisgiyim.com.tr\/index.php\/tasarim\/#local-main-organization-logo\",\"inLanguage\":\"tr\",\"url\":\"http:\/\/pirlantaisgiyim.com.tr\/wp-content\/uploads\/2018\/06\/logo_600-1.png\",\"contentUrl\":\"http:\/\/pirlantaisgiyim.com.tr\/wp-content\/uploads\/2018\/06\/logo_600-1.png\",\"width\":600,\"height\":132,\"caption\":\"P\\u0131rlanta \\u0130\\u015f Giyim\"}]}<\/script>\n<!-- \/ Yoast SEO Premium plugin. -->","yoast_head_json":{"title":"Tasar\u0131m - P\u0131rlanta","robots":{"index":"index","follow":"follow","max-snippet":"max-snippet:-1","max-image-preview":"max-image-preview:large","max-video-preview":"max-video-preview:-1"},"canonical":"http:\/\/pirlantaisgiyim.com.tr\/index.php\/tasarim\/","og_locale":"tr_TR","og_type":"article","og_title":"Tasar\u0131m","og_url":"http:\/\/pirlantaisgiyim.com.tr\/index.php\/tasarim\/","og_site_name":"P\u0131rlanta","article_modified_time":"2018-07-26T16:19:03+00:00","og_image":[{"url":"http:\/\/pirlantaisgiyim.com.tr\/wp-content\/uploads\/2018\/07\/pirlanta_K6.jpg"}],"twitter_card":"summary_large_image","twitter_misc":{"Tahmini okuma s\u00fcresi":"1 dakika"},"schema":{"@context":"https:\/\/schema.org","@graph":[{"@type":["Organization","Place"],"@id":"http:\/\/pirlantaisgiyim.com.tr\/#organization","name":"P\u0131rlanta \u0130\u015f Giyim","url":"http:\/\/pirlantaisgiyim.com.tr\/","sameAs":[],"logo":{"@id":"http:\/\/pirlantaisgiyim.com.tr\/index.php\/tasarim\/#local-main-organization-logo"},"image":{"@id":"http:\/\/pirlantaisgiyim.com.tr\/index.php\/tasarim\/#local-main-organization-logo"},"openingHoursSpecification":[{"@type":"OpeningHoursSpecification","dayOfWeek":["Monday","Tuesday","Wednesday","Thursday","Friday","Saturday","Sunday"],"opens":"09:00","closes":"17:00"}]},{"@type":"WebSite","@id":"http:\/\/pirlantaisgiyim.com.tr\/#website","url":"http:\/\/pirlantaisgiyim.com.tr\/","name":"P\u0131rlanta","description":"\u0130\u015f Giyim","publisher":{"@id":"http:\/\/pirlantaisgiyim.com.tr\/#organization"},"potentialAction":[{"@type":"SearchAction","target":{"@type":"EntryPoint","urlTemplate":"http:\/\/pirlantaisgiyim.com.tr\/?s={search_term_string}"},"query-input":"required name=search_term_string"}],"inLanguage":"tr"},{"@type":"ImageObject","@id":"http:\/\/pirlantaisgiyim.com.tr\/index.php\/tasarim\/#primaryimage","inLanguage":"tr","url":"http:\/\/pirlantaisgiyim.com.tr\/wp-content\/uploads\/2018\/07\/pirlanta_K6.jpg","contentUrl":"http:\/\/pirlantaisgiyim.com.tr\/wp-content\/uploads\/2018\/07\/pirlanta_K6.jpg","width":1981,"height":767},{"@type":"WebPage","@id":"http:\/\/pirlantaisgiyim.com.tr\/index.php\/tasarim\/#webpage","url":"http:\/\/pirlantaisgiyim.com.tr\/index.php\/tasarim\/","name":"Tasar\u0131m - P\u0131rlanta","isPartOf":{"@id":"http:\/\/pirlantaisgiyim.com.tr\/#website"},"primaryImageOfPage":{"@id":"http:\/\/pirlantaisgiyim.com.tr\/index.php\/tasarim\/#primaryimage"},"datePublished":"2018-07-18T07:04:06+00:00","dateModified":"2018-07-26T16:19:03+00:00","breadcrumb":{"@id":"http:\/\/pirlantaisgiyim.com.tr\/index.php\/tasarim\/#breadcrumb"},"inLanguage":"tr","potentialAction":[{"@type":"ReadAction","target":["http:\/\/pirlantaisgiyim.com.tr\/index.php\/tasarim\/"]}]},{"@type":"BreadcrumbList","@id":"http:\/\/pirlantaisgiyim.com.tr\/index.php\/tasarim\/#breadcrumb","itemListElement":[{"@type":"ListItem","position":1,"name":"Anasayfa","item":"http:\/\/pirlantaisgiyim.com.tr\/"},{"@type":"ListItem","position":2,"name":"Tasar\u0131m"}]},{"@type":"ImageObject","@id":"http:\/\/pirlantaisgiyim.com.tr\/index.php\/tasarim\/#local-main-organization-logo","inLanguage":"tr","url":"http:\/\/pirlantaisgiyim.com.tr\/wp-content\/uploads\/2018\/06\/logo_600-1.png","contentUrl":"http:\/\/pirlantaisgiyim.com.tr\/wp-content\/uploads\/2018\/06\/logo_600-1.png","width":600,"height":132,"caption":"P\u0131rlanta \u0130\u015f Giyim"}]}},"_links":{"self":[{"href":"http:\/\/pirlantaisgiyim.com.tr\/index.php\/wp-json\/wp\/v2\/pages\/2180"}],"collection":[{"href":"http:\/\/pirlantaisgiyim.com.tr\/index.php\/wp-json\/wp\/v2\/pages"}],"about":[{"href":"http:\/\/pirlantaisgiyim.com.tr\/index.php\/wp-json\/wp\/v2\/types\/page"}],"author":[{"embeddable":true,"href":"http:\/\/pirlantaisgiyim.com.tr\/index.php\/wp-json\/wp\/v2\/users\/1"}],"replies":[{"embeddable":true,"href":"http:\/\/pirlantaisgiyim.com.tr\/index.php\/wp-json\/wp\/v2\/comments?post=2180"}],"version-history":[{"count":30,"href":"http:\/\/pirlantaisgiyim.com.tr\/index.php\/wp-json\/wp\/v2\/pages\/2180\/revisions"}],"predecessor-version":[{"id":2460,"href":"http:\/\/pirlantaisgiyim.com.tr\/index.php\/wp-json\/wp\/v2\/pages\/2180\/revisions\/2460"}],"wp:attachment":[{"href":"http:\/\/pirlantaisgiyim.com.tr\/index.php\/wp-json\/wp\/v2\/media?parent=2180"}],"curies":[{"name":"wp","href":"https:\/\/api.w.org\/{rel}","templated":true}]}}