{"id":2184,"date":"2018-07-18T10:39:33","date_gmt":"2018-07-18T07:39:33","guid":{"rendered":"http:\/\/pirlantaisgiyim.com.tr\/?page_id=2184"},"modified":"2021-09-04T18:27:02","modified_gmt":"2021-09-04T15:27:02","slug":"iletisim","status":"publish","type":"page","link":"http:\/\/pirlantaisgiyim.com.tr\/index.php\/iletisim\/","title":{"rendered":"\u0130leti\u015fim"},"content":{"rendered":"<ul class=\"g1-grid\"><li class=\"g1-column g1-one-half g1-valign-top\">\n<p>Check Our Location<\/p>\n<p><iframe src=\"https:\/\/www.google.com\/maps\/embed?pb=!1m18!1m12!1m3!1d3582.752932972791!2d29.100292939514823!3d40.96562260529092!2m3!1f0!2f0!3f0!3m2!1i1024!2i768!4f13.1!3m3!1m2!1s0x14cac650bf67d23b%3A0x428a93294c606e26!2zQm9zdGFuY8SxLCDEsGJyYWhpbSBBxJ9hIFNrLiBObzoyLCAzNDc0NCBLYWTEsWvDtnkvxLBzdGFuYnVs!5e0!3m2!1str!2str!4v1630766095136!5m2!1str!2str\" width=\"600\" height=\"450\" style=\"border:0;\" allowfullscreen=\"\" loading=\"lazy\"><\/iframe><\/p>\n<\/li><!-- -->\n<li class=\"g1-column g1-one-half g1-valign-top\">\n<p>Send Us a Message<\/p>\n<form action=\"http:\/\/pirlantaisgiyim.com.tr\/index.php\/iletisim\/#contact-form-counter-1\" method=\"post\" id=\"contact-form-counter-1\" class=\"contact-form\"><div class=\"form-row\"><label for=\"contact_form_name_1\">Name <em class=\"meta\">(required)<\/em><\/label><input type=\"text\" id=\"contact_form_name_1\" name=\"contact_form_name_1\" value=\"\" \/><\/div><div class=\"form-row\"><label for=\"contact_form_email_1\">Email  <em class=\"meta\">(required)<\/em><\/label><input type=\"text\" id=\"contact_form_email_1\" name=\"contact_form_email_1\" value=\"\" \/><\/div><div class=\"form-row\"><label for=\"contact_form_message_1\">Message <em class=\"meta\">(required)<\/em><\/label><textarea id=\"contact_form_message_1\" name=\"contact_form_message_1\" rows=\"5\" cols=\"5\"><\/textarea><\/div><div class=\"form-row\"><label for=\"contact_form_captcha_1\">10 + 10 ?  <em class=\"meta\">(Are you human?)<\/em><\/label><input type=\"text\" class=\"u-2\" id=\"contact_form_captcha_1\" name=\"contact_form_captcha_1\" value=\"\" \/><\/div><fieldset><input type=\"hidden\" id=\"contact_form_captcha_hash_1\" name=\"contact_form_captcha_hash_1\" value=\"89885ff2c83a10305ee08bd507c1049c\" \/><\/fieldset><fieldset><input type=\"hidden\" id=\"contact_form_data\" name=\"contact_form_data\" value=\"YTo4OntzOjI6ImlkIjtzOjA6IiI7czo1OiJjbGFzcyI7czowOiIiO3M6NDoibmFtZSI7czo5OiJQxLFybGFudGEiO3M6NToiZW1haWwiO3M6MTk6Im9udXJfZG9ndUB5YWhvby5jb20iO3M6Nzoic3ViamVjdCI7czoyMDoiV2Vic2l0ZSBDb250YWN0IEZvcm0iO3M6Nzoic3VjY2VzcyI7czozOToiV2UgaGF2ZSByZWNlaXZlZCB5b3VyIGVtYWlsLiBUaGFuayB5b3UuIjtzOjc6ImZhaWx1cmUiO3M6MzI6Ik9vb3BzLCBzb21ldGhpbmcgaGFzIGdvbmUgd3JvbmcuIjtzOjc6ImNvdW50ZXIiO2k6MTt9\" \/><\/fieldset><div class=\"form-row\"><input type=\"submit\" name=\"contact_form_submit_1\" id=\"contact_form_submit_1\" value=\"Submit\" \/><\/div><\/form>\n<\/li><!-- --><\/ul>\n<div id=\"g1-divider-1\" class=\"g1-divider g1-divider--none g1-divider--noicon \"><\/div>\n<ul class=\"g1-grid\"><li class=\"g1-column g1-one-third g1-valign-top\">\n<ul class=\"g1-grid\"><li class=\"g1-column g1-one-fourth g1-valign-top\">\n<i id=\"icon-1\" class=\"g1-icon g1-icon--solid g1-icon--medium g1-icon--inherit  fa fa-map-marker\"><\/i>\n<\/li><!-- -->\n<li class=\"g1-column g1-three-fourth g1-valign-top\">\n<p>Address:<br \/>\nKozyata\u011f\u0131 Mahallesi, \u0130brahim A\u011fa Sk.<br \/>\nNo:2, 34742 Kad\u0131k\u00f6y\/\u0130stanbul<\/p>\n<\/li><!-- --><\/ul>\n<\/li><!-- -->\n<li class=\"g1-column g1-one-third g1-valign-top\">\n<ul class=\"g1-grid\"><li class=\"g1-column g1-one-fourth g1-valign-top\">\n<i id=\"icon-2\" class=\"g1-icon g1-icon--solid g1-icon--medium g1-icon--inherit  fa fa-phone\"><\/i>\n<\/li><!-- -->\n<li class=\"g1-column g1-three-fourth g1-valign-top\">\n<p>Phone:<br \/>\nTel: +90 0216 416 86 40<br \/>\nFax:+90 0216 416 76 48<\/p>\n<\/li><!-- --><\/ul>\n<\/li><!-- -->\n<li class=\"g1-column g1-one-third g1-valign-top\">\n<ul class=\"g1-grid\"><li class=\"g1-column g1-one-fourth g1-valign-top\">\n<i id=\"icon-3\" class=\"g1-icon g1-icon--solid g1-icon--medium g1-icon--inherit  fa fa-envelope-o\"><\/i>\n<\/li><!-- -->\n<li class=\"g1-column g1-three-fourth g1-valign-top\">\n<p>Email:<br \/>\n<a href=\"mailto:info@pirlantaisgiyim.com.tr\">pirlanta@pirlantaisgiyim.com.tr<\/a><\/p>\n<\/li><!-- --><\/ul>\n<\/li><!-- --><\/ul>\n","protected":false},"excerpt":{"rendered":"","protected":false},"author":1,"featured_media":0,"parent":0,"menu_order":0,"comment_status":"closed","ping_status":"closed","template":"g1_template_page_full.php","meta":[],"yoast_head":"<!-- This site is optimized with the Yoast SEO Premium plugin v17.0 (Yoast SEO v17.0) - https:\/\/yoast.com\/wordpress\/plugins\/seo\/ -->\n<title>\u0130leti\u015fim - P\u0131rlanta<\/title>\n<meta name=\"robots\" content=\"index, follow, max-snippet:-1, max-image-preview:large, max-video-preview:-1\" \/>\n<link rel=\"canonical\" href=\"http:\/\/pirlantaisgiyim.com.tr\/index.php\/iletisim\/\" \/>\n<meta property=\"og:locale\" content=\"tr_TR\" \/>\n<meta property=\"og:type\" content=\"article\" \/>\n<meta property=\"og:title\" content=\"\u0130leti\u015fim\" \/>\n<meta property=\"og:url\" content=\"http:\/\/pirlantaisgiyim.com.tr\/index.php\/iletisim\/\" \/>\n<meta property=\"og:site_name\" content=\"P\u0131rlanta\" \/>\n<meta property=\"article:modified_time\" content=\"2021-09-04T15:27:02+00:00\" \/>\n<meta name=\"twitter:card\" content=\"summary_large_image\" \/>\n<meta name=\"twitter:label1\" content=\"Tahmini okuma s\u00fcresi\" \/>\n\t<meta name=\"twitter:data1\" content=\"1 dakika\" \/>\n<script type=\"application\/ld+json\" class=\"yoast-schema-graph\">{\"@context\":\"https:\/\/schema.org\",\"@graph\":[{\"@type\":[\"Organization\",\"Place\"],\"@id\":\"http:\/\/pirlantaisgiyim.com.tr\/#organization\",\"name\":\"P\\u0131rlanta \\u0130\\u015f Giyim\",\"url\":\"http:\/\/pirlantaisgiyim.com.tr\/\",\"sameAs\":[],\"logo\":{\"@id\":\"http:\/\/pirlantaisgiyim.com.tr\/index.php\/iletisim\/#local-main-organization-logo\"},\"image\":{\"@id\":\"http:\/\/pirlantaisgiyim.com.tr\/index.php\/iletisim\/#local-main-organization-logo\"},\"openingHoursSpecification\":[{\"@type\":\"OpeningHoursSpecification\",\"dayOfWeek\":[\"Monday\",\"Tuesday\",\"Wednesday\",\"Thursday\",\"Friday\",\"Saturday\",\"Sunday\"],\"opens\":\"09:00\",\"closes\":\"17:00\"}]},{\"@type\":\"WebSite\",\"@id\":\"http:\/\/pirlantaisgiyim.com.tr\/#website\",\"url\":\"http:\/\/pirlantaisgiyim.com.tr\/\",\"name\":\"P\\u0131rlanta\",\"description\":\"\\u0130\\u015f Giyim\",\"publisher\":{\"@id\":\"http:\/\/pirlantaisgiyim.com.tr\/#organization\"},\"potentialAction\":[{\"@type\":\"SearchAction\",\"target\":{\"@type\":\"EntryPoint\",\"urlTemplate\":\"http:\/\/pirlantaisgiyim.com.tr\/?s={search_term_string}\"},\"query-input\":\"required name=search_term_string\"}],\"inLanguage\":\"tr\"},{\"@type\":\"WebPage\",\"@id\":\"http:\/\/pirlantaisgiyim.com.tr\/index.php\/iletisim\/#webpage\",\"url\":\"http:\/\/pirlantaisgiyim.com.tr\/index.php\/iletisim\/\",\"name\":\"\\u0130leti\\u015fim - P\\u0131rlanta\",\"isPartOf\":{\"@id\":\"http:\/\/pirlantaisgiyim.com.tr\/#website\"},\"datePublished\":\"2018-07-18T07:39:33+00:00\",\"dateModified\":\"2021-09-04T15:27:02+00:00\",\"breadcrumb\":{\"@id\":\"http:\/\/pirlantaisgiyim.com.tr\/index.php\/iletisim\/#breadcrumb\"},\"inLanguage\":\"tr\",\"potentialAction\":[{\"@type\":\"ReadAction\",\"target\":[\"http:\/\/pirlantaisgiyim.com.tr\/index.php\/iletisim\/\"]}]},{\"@type\":\"BreadcrumbList\",\"@id\":\"http:\/\/pirlantaisgiyim.com.tr\/index.php\/iletisim\/#breadcrumb\",\"itemListElement\":[{\"@type\":\"ListItem\",\"position\":1,\"name\":\"Anasayfa\",\"item\":\"http:\/\/pirlantaisgiyim.com.tr\/\"},{\"@type\":\"ListItem\",\"position\":2,\"name\":\"\\u0130leti\\u015fim\"}]},{\"@type\":\"ImageObject\",\"@id\":\"http:\/\/pirlantaisgiyim.com.tr\/index.php\/iletisim\/#local-main-organization-logo\",\"inLanguage\":\"tr\",\"url\":\"http:\/\/pirlantaisgiyim.com.tr\/wp-content\/uploads\/2018\/06\/logo_600-1.png\",\"contentUrl\":\"http:\/\/pirlantaisgiyim.com.tr\/wp-content\/uploads\/2018\/06\/logo_600-1.png\",\"width\":600,\"height\":132,\"caption\":\"P\\u0131rlanta \\u0130\\u015f Giyim\"}]}<\/script>\n<!-- \/ Yoast SEO Premium plugin. -->","yoast_head_json":{"title":"\u0130leti\u015fim - P\u0131rlanta","robots":{"index":"index","follow":"follow","max-snippet":"max-snippet:-1","max-image-preview":"max-image-preview:large","max-video-preview":"max-video-preview:-1"},"canonical":"http:\/\/pirlantaisgiyim.com.tr\/index.php\/iletisim\/","og_locale":"tr_TR","og_type":"article","og_title":"\u0130leti\u015fim","og_url":"http:\/\/pirlantaisgiyim.com.tr\/index.php\/iletisim\/","og_site_name":"P\u0131rlanta","article_modified_time":"2021-09-04T15:27:02+00:00","twitter_card":"summary_large_image","twitter_misc":{"Tahmini okuma s\u00fcresi":"1 dakika"},"schema":{"@context":"https:\/\/schema.org","@graph":[{"@type":["Organization","Place"],"@id":"http:\/\/pirlantaisgiyim.com.tr\/#organization","name":"P\u0131rlanta \u0130\u015f Giyim","url":"http:\/\/pirlantaisgiyim.com.tr\/","sameAs":[],"logo":{"@id":"http:\/\/pirlantaisgiyim.com.tr\/index.php\/iletisim\/#local-main-organization-logo"},"image":{"@id":"http:\/\/pirlantaisgiyim.com.tr\/index.php\/iletisim\/#local-main-organization-logo"},"openingHoursSpecification":[{"@type":"OpeningHoursSpecification","dayOfWeek":["Monday","Tuesday","Wednesday","Thursday","Friday","Saturday","Sunday"],"opens":"09:00","closes":"17:00"}]},{"@type":"WebSite","@id":"http:\/\/pirlantaisgiyim.com.tr\/#website","url":"http:\/\/pirlantaisgiyim.com.tr\/","name":"P\u0131rlanta","description":"\u0130\u015f Giyim","publisher":{"@id":"http:\/\/pirlantaisgiyim.com.tr\/#organization"},"potentialAction":[{"@type":"SearchAction","target":{"@type":"EntryPoint","urlTemplate":"http:\/\/pirlantaisgiyim.com.tr\/?s={search_term_string}"},"query-input":"required name=search_term_string"}],"inLanguage":"tr"},{"@type":"WebPage","@id":"http:\/\/pirlantaisgiyim.com.tr\/index.php\/iletisim\/#webpage","url":"http:\/\/pirlantaisgiyim.com.tr\/index.php\/iletisim\/","name":"\u0130leti\u015fim - P\u0131rlanta","isPartOf":{"@id":"http:\/\/pirlantaisgiyim.com.tr\/#website"},"datePublished":"2018-07-18T07:39:33+00:00","dateModified":"2021-09-04T15:27:02+00:00","breadcrumb":{"@id":"http:\/\/pirlantaisgiyim.com.tr\/index.php\/iletisim\/#breadcrumb"},"inLanguage":"tr","potentialAction":[{"@type":"ReadAction","target":["http:\/\/pirlantaisgiyim.com.tr\/index.php\/iletisim\/"]}]},{"@type":"BreadcrumbList","@id":"http:\/\/pirlantaisgiyim.com.tr\/index.php\/iletisim\/#breadcrumb","itemListElement":[{"@type":"ListItem","position":1,"name":"Anasayfa","item":"http:\/\/pirlantaisgiyim.com.tr\/"},{"@type":"ListItem","position":2,"name":"\u0130leti\u015fim"}]},{"@type":"ImageObject","@id":"http:\/\/pirlantaisgiyim.com.tr\/index.php\/iletisim\/#local-main-organization-logo","inLanguage":"tr","url":"http:\/\/pirlantaisgiyim.com.tr\/wp-content\/uploads\/2018\/06\/logo_600-1.png","contentUrl":"http:\/\/pirlantaisgiyim.com.tr\/wp-content\/uploads\/2018\/06\/logo_600-1.png","width":600,"height":132,"caption":"P\u0131rlanta \u0130\u015f Giyim"}]}},"_links":{"self":[{"href":"http:\/\/pirlantaisgiyim.com.tr\/index.php\/wp-json\/wp\/v2\/pages\/2184"}],"collection":[{"href":"http:\/\/pirlantaisgiyim.com.tr\/index.php\/wp-json\/wp\/v2\/pages"}],"about":[{"href":"http:\/\/pirlantaisgiyim.com.tr\/index.php\/wp-json\/wp\/v2\/types\/page"}],"author":[{"embeddable":true,"href":"http:\/\/pirlantaisgiyim.com.tr\/index.php\/wp-json\/wp\/v2\/users\/1"}],"replies":[{"embeddable":true,"href":"http:\/\/pirlantaisgiyim.com.tr\/index.php\/wp-json\/wp\/v2\/comments?post=2184"}],"version-history":[{"count":7,"href":"http:\/\/pirlantaisgiyim.com.tr\/index.php\/wp-json\/wp\/v2\/pages\/2184\/revisions"}],"predecessor-version":[{"id":2481,"href":"http:\/\/pirlantaisgiyim.com.tr\/index.php\/wp-json\/wp\/v2\/pages\/2184\/revisions\/2481"}],"wp:attachment":[{"href":"http:\/\/pirlantaisgiyim.com.tr\/index.php\/wp-json\/wp\/v2\/media?parent=2184"}],"curies":[{"name":"wp","href":"https:\/\/api.w.org\/{rel}","templated":true}]}}